{"id":2684,"date":"2025-08-05T08:53:16","date_gmt":"2025-08-05T08:53:16","guid":{"rendered":"https:\/\/atmosfire.eu\/?post_type=product&#038;p=2684"},"modified":"2026-03-06T08:56:48","modified_gmt":"2026-03-06T08:56:48","slug":"round-line-fireplaces","status":"publish","type":"product","link":"https:\/\/atmosfire.eu\/it\/prodotto\/round-line-fireplaces\/","title":{"rendered":"Caminetti a linea circolare\/linea ovale incrociata"},"content":{"rendered":"<div><strong>Camino a linea circolare - Camino sospeso di design<\/strong><\/div>\n<div><\/div>\n<div>\n<p>Il caminetto Round Line \u00e8 uno splendido centrotavola che unisce estetica moderna e funzionalit\u00e0. Con la sua elegante forma circolare e il design sospeso, questo caminetto trasforma qualsiasi spazio in un ambiente caldo, elegante e invitante. Perfetto per interni contemporanei e minimalisti, aggiunge un'audace dichiarazione architettonica alla vostra casa o alla vostra azienda.<\/p>\n<\/div>\n<div><\/div>\n<div><strong>Disponibile in tre opzioni cromatiche di grande effetto:<\/strong><\/div>\n<div><\/div>\n<div>-NERO - classico e senza tempo<\/div>\n<div>-ROSSO - audace e vibrante<\/div>\n<div>\n<p>-BIANCO - pulito e minimale<\/p>\n<\/div>\n<div><\/div>\n<div><strong>Opzioni per il carburante<\/strong><\/div>\n<div><\/div>\n<div>I nostri caminetti sospesi Round Line sono disponibili in diverse configurazioni per adattarsi al vostro spazio e alle vostre preferenze:<\/div>\n<div>-Vapore acqueo - fiamma fredda, opzione sicura ed ecologica con effetto fiamma realistico creato<\/div>\n<div>- Bioetanolo - a combustione pulita, senza fumo e nel rispetto dell'ambiente<\/div>\n<div>\n<p>-Display LCD: un'alternativa high-tech con una simulazione realistica della fiamma su uno schermo, ideale per gli spazi in cui non \u00e8 consentito l'uso di fiamme libere.<\/p>\n<\/div>\n<div><\/div>\n<div>\n<p>Con il suo design unico a sospensione e i suoi molteplici tipi di funzionamento, il caminetto Round Line \u00e8 pi\u00f9 di una semplice fonte di calore: \u00e8 un'opera d'arte che porta atmosfera e innovazione in qualsiasi ambiente.<\/p>\n<\/div>\n<div><\/div>\n<div>\n<p><strong>DIMENSIONI TECNICHE:<\/strong><\/p>\n<p>&nbsp;<\/p>\n<\/div>\n<div><\/div>\n<div><a href=\"https:\/\/atmosfire.eu\/wp-content\/uploads\/2025\/08\/\u0391\u03c1\u03c7\u03b5\u03af\u03bf-\u03b5\u03b9\u03ba\u03cc\u03bd\u03b1\u03c2-WhatsApp-2025-05-23-\u03c3\u03c4\u03b9\u03c2-15.33.11_6e2b23e8.jpg\"><img fetchpriority=\"high\" decoding=\"async\" class=\"alignleft wp-image-2704 size-medium\" src=\"https:\/\/atmosfire.eu\/wp-content\/uploads\/2025\/08\/\u0391\u03c1\u03c7\u03b5\u03af\u03bf-\u03b5\u03b9\u03ba\u03cc\u03bd\u03b1\u03c2-WhatsApp-2025-05-23-\u03c3\u03c4\u03b9\u03c2-15.33.11_6e2b23e8-277x300.jpg\" alt=\"\" width=\"277\" height=\"300\" srcset=\"\" sizes=\"(max-width: 277px) 100vw, 277px\" data-srcset=\"\" \/><\/a><a href=\"https:\/\/atmosfire.eu\/wp-content\/uploads\/2025\/08\/\u0391\u03c1\u03c7\u03b5\u03af\u03bf-\u03b5\u03b9\u03ba\u03cc\u03bd\u03b1\u03c2-WhatsApp-2025-05-23-\u03c3\u03c4\u03b9\u03c2-15.33.11_243b1c74.jpg\"><img decoding=\"async\" class=\"alignleft wp-image-2705 size-medium\" src=\"https:\/\/atmosfire.eu\/wp-content\/uploads\/2025\/08\/\u0391\u03c1\u03c7\u03b5\u03af\u03bf-\u03b5\u03b9\u03ba\u03cc\u03bd\u03b1\u03c2-WhatsApp-2025-05-23-\u03c3\u03c4\u03b9\u03c2-15.33.11_243b1c74-277x300.jpg\" alt=\"\" width=\"277\" height=\"300\" srcset=\"\" sizes=\"(max-width: 277px) 100vw, 277px\" data-srcset=\"\" \/><\/a><\/div>\n<p><a href=\"https:\/\/atmosfire.eu\/wp-content\/uploads\/2025\/08\/3-1.jpg\"><img decoding=\"async\" class=\"alignnone wp-image-2865 size-medium\" src=\"https:\/\/atmosfire.eu\/wp-content\/uploads\/2025\/08\/3-1-300x244.jpg\" alt=\"\" width=\"300\" height=\"244\" srcset=\"https:\/\/atmosfire.eu\/wp-content\/uploads\/2025\/08\/3-1-300x244.jpg 300w, https:\/\/atmosfire.eu\/wp-content\/uploads\/2025\/08\/3-1-768x626.jpg 768w, https:\/\/atmosfire.eu\/wp-content\/uploads\/2025\/08\/3-1-15x12.jpg 15w, https:\/\/atmosfire.eu\/wp-content\/uploads\/2025\/08\/3-1-600x489.jpg 600w, https:\/\/atmosfire.eu\/wp-content\/uploads\/2025\/08\/3-1.jpg 1021w\" sizes=\"(max-width: 300px) 100vw, 300px\" \/><\/a> <a href=\"https:\/\/atmosfire.eu\/wp-content\/uploads\/2025\/08\/2-1.jpg\"><img loading=\"lazy\" decoding=\"async\" class=\"alignnone wp-image-2866 size-medium\" src=\"https:\/\/atmosfire.eu\/wp-content\/uploads\/2025\/08\/2-1-279x300.jpg\" alt=\"\" width=\"279\" height=\"300\" srcset=\"https:\/\/atmosfire.eu\/wp-content\/uploads\/2025\/08\/2-1-279x300.jpg 279w, https:\/\/atmosfire.eu\/wp-content\/uploads\/2025\/08\/2-1-11x12.jpg 11w, https:\/\/atmosfire.eu\/wp-content\/uploads\/2025\/08\/2-1-600x644.jpg 600w, https:\/\/atmosfire.eu\/wp-content\/uploads\/2025\/08\/2-1.jpg 611w\" sizes=\"(max-width: 279px) 100vw, 279px\" \/><\/a><\/p>","protected":false},"excerpt":{"rendered":"<p>Round Line Fireplace \u2013 Suspended Designer Fireplace The Round Line Fireplace is a stunning centerpiece that combines modern aesthetics with functionality. With its elegant circular shape and suspended design, this fireplace transforms any space into a warm, stylish, and inviting environment. Perfect for contemporary and minimalist interiors, it adds a bold architectural statement to your [&hellip;]<\/p>","protected":false},"featured_media":3013,"template":"","meta":{"_monsterinsights_skip_tracking":false,"_monsterinsights_sitenote_active":false,"_monsterinsights_sitenote_note":"","_monsterinsights_sitenote_category":0},"product_brand":[],"product_cat":[35],"product_tag":[],"class_list":{"0":"post-2684","1":"product","2":"type-product","3":"status-publish","4":"has-post-thumbnail","6":"product_cat-wall-hanging-fireplaces","8":"first","9":"instock","10":"shipping-taxable","11":"product-type-simple"},"_links":{"self":[{"href":"https:\/\/atmosfire.eu\/it\/wp-json\/wp\/v2\/product\/2684","targetHints":{"allow":["GET"]}}],"collection":[{"href":"https:\/\/atmosfire.eu\/it\/wp-json\/wp\/v2\/product"}],"about":[{"href":"https:\/\/atmosfire.eu\/it\/wp-json\/wp\/v2\/types\/product"}],"wp:featuredmedia":[{"embeddable":true,"href":"https:\/\/atmosfire.eu\/it\/wp-json\/wp\/v2\/media\/3013"}],"wp:attachment":[{"href":"https:\/\/atmosfire.eu\/it\/wp-json\/wp\/v2\/media?parent=2684"}],"wp:term":[{"taxonomy":"product_brand","embeddable":true,"href":"https:\/\/atmosfire.eu\/it\/wp-json\/wp\/v2\/product_brand?post=2684"},{"taxonomy":"product_cat","embeddable":true,"href":"https:\/\/atmosfire.eu\/it\/wp-json\/wp\/v2\/product_cat?post=2684"},{"taxonomy":"product_tag","embeddable":true,"href":"https:\/\/atmosfire.eu\/it\/wp-json\/wp\/v2\/product_tag?post=2684"}],"curies":[{"name":"wp","href":"https:\/\/api.w.org\/{rel}","templated":true}]}}